{"id":4904,"date":"2016-10-14T10:35:19","date_gmt":"2016-10-14T10:35:19","guid":{"rendered":"http:\/\/www.presbyuniversity.edu.gh\/site\/?page_id=4904"},"modified":"2024-07-03T12:21:39","modified_gmt":"2024-07-03T12:21:39","slug":"mr-samuel-nii-odoi-devine","status":"publish","type":"page","link":"https:\/\/www.presbyuniversity.edu.gh\/site\/mr-samuel-nii-odoi-devine\/","title":{"rendered":"Mr. Samuel Nii Odoi Devine"},"content":{"rendered":"<table border=\"0\" width=\"100%\" cellspacing=\"0\" cellpadding=\"0\">\n<tbody>\n<tr>\n<td colspan=\"2\"><strong>M.Sc, B.Sc.<\/strong><\/td>\n<td rowspan=\"5\" width=\"20%\">\u00a0<img data-recalc-dims=\"1\" loading=\"lazy\" decoding=\"async\" class=\"alignnone wp-image-9950 size-medium\" src=\"https:\/\/i0.wp.com\/www.presbyuniversity.edu.gh\/site\/wp-content\/uploads\/2024\/07\/Div.jpg?resize=300%2C300&#038;ssl=1\" alt=\"\" width=\"300\" height=\"300\" srcset=\"https:\/\/i0.wp.com\/www.presbyuniversity.edu.gh\/site\/wp-content\/uploads\/2024\/07\/Div.jpg?resize=300%2C300&amp;ssl=1 300w, https:\/\/i0.wp.com\/www.presbyuniversity.edu.gh\/site\/wp-content\/uploads\/2024\/07\/Div.jpg?resize=150%2C150&amp;ssl=1 150w, https:\/\/i0.wp.com\/www.presbyuniversity.edu.gh\/site\/wp-content\/uploads\/2024\/07\/Div.jpg?resize=270%2C270&amp;ssl=1 270w, https:\/\/i0.wp.com\/www.presbyuniversity.edu.gh\/site\/wp-content\/uploads\/2024\/07\/Div.jpg?w=482&amp;ssl=1 482w\" sizes=\"auto, (max-width: 300px) 100vw, 300px\" \/><\/td>\n<\/tr>\n<tr>\n<td width=\"35%\">Position:<\/td>\n<td width=\"40%\">Ag. HoD \/ Senior Lecturer<\/td>\n<\/tr>\n<tr>\n<td>Faculty:<\/td>\n<td>Faculty of Science and Technology<\/td>\n<\/tr>\n<tr>\n<td>Department:<\/td>\n<td>Information and Communication Technology<\/td>\n<\/tr>\n<tr>\n<td>Campus:<\/td>\n<td>Okwahu<\/td>\n<\/tr>\n<tr>\n<td>Location:<\/td>\n<td>New Block, 1st Floor, Room FF13<\/td>\n<td><\/td>\n<\/tr>\n<tr>\n<td>Phone:<\/td>\n<td><\/td>\n<td><\/td>\n<\/tr>\n<tr>\n<td>Email:<\/td>\n<td>samuel.nodevine@presbyuniversity.edu.gh<\/td>\n<td><\/td>\n<\/tr>\n<tr>\n<td>Twitter:<\/td>\n<td><\/td>\n<td><\/td>\n<\/tr>\n<tr>\n<td>Linked In:<\/td>\n<td><\/td>\n<td><\/td>\n<\/tr>\n<tr>\n<td colspan=\"3\"><\/td>\n<\/tr>\n<tr>\n<td colspan=\"3\"><strong>Brief Profile:<\/strong>Sam is a researcher, writer and public speaker who has been engaged in several public speaking assignments academically, socially and religiously. As an academic and a technologist, with a strong affinity for computers, he has been involved in several projects as a consultant in the integration of information systems into the operations of a number of organizations. He is also an ardent Christian who believes in the sound principles of training the head, the heart and the hand.<\/td>\n<\/tr>\n<tr>\n<td colspan=\"3\"><strong>Research Interests:<\/strong><\/p>\n<ul>\n<li>Big Data, Machine Learning, Natural Language Processing, Knowledge Management, Information Security<\/li>\n<\/ul>\n<\/td>\n<\/tr>\n<tr>\n<td colspan=\"3\"><strong>Publications and Conferences<\/strong><strong><i>Journal Paper<\/i><\/strong>Kolog, E.A., <strong>Devine, S. N. O.<\/strong>, Ansong-Gyimah, K. and Adjei, R. (2019). Fine-Grained Affect Detection in Learners\u2019 Generated Content using Machine Learning. <em>Education and Information Technologies<\/em>. DOI: 10.1007\/s10639-019-09948-6.<\/p>\n<p><strong><i>Book Chapter<\/i><\/strong><\/p>\n<p>Kolog, E.A., Tweneboah, K.S., <strong>Devine, S. N. O.<\/strong>, and Adusei, A. (2018). Investigating the Use of Mobile Devices in Schools: A Case of the Ghanaian Senior High Schools. F.J. Mtenzi,\u00a0\u00c1. Oreku, and D.M. Lupiana (eds.). <em>In Mobile Technologies and Socio-Economic Development in Emerging Nations<\/em>. A book chapter IGI Global, 2018. Ch. 5.<\/p>\n<p><strong><i>Conference Paper<\/i><\/strong><\/p>\n<p><strong>Devine, S. N. O.<\/strong>, Kolog, E.A., Sutinen, E. &amp; S\u00e4\u00e4ksj\u00e4rvi, I. (2019, September). <em>Knowledge-Based Service for African Traditional Herbal Medicine: A Hybrid Approach. In<\/em> Proceedings of 11th International Conference on Knowledge Management and Information System. Vienna &#8211; Austria.<\/p>\n<p>Amankwa, E. &amp; <strong>Devine, S. N. O.<\/strong> (2018, Jan): <em>Towards an Effective Information Security Initiative in Tertiary Institutions: A Literature Approach.<\/em> <em>In<\/em> Proceedings of the International Conference on Electrical, Electronics, Computers, Communication, Mechanical and Computing (EECCMC), 28-29 January 2018, Vellore, Tamil Nadu, India.<\/p>\n<p>Amankwa, E. &amp; <strong>Devine, S. N. O.<\/strong> (2015, July): <em>Information Security Education in Ghana: A Pragmatic Analysis of the Gap between Academia and Industry<\/em>, presented at the African Conference on Information Systems &amp; Technology, Ghana.<\/td>\n<\/tr>\n<\/tbody>\n<\/table>\n","protected":false},"excerpt":{"rendered":"<p>M.Sc, B.Sc. \u00a0 Position: Ag. HoD \/ Senior Lecturer Faculty: Faculty of Science and Technology Department: Information and Communication Technology Campus: Okwahu Location: New Block, 1st Floor, Room FF13 Phone: Email: samuel.nodevine@presbyuniversity.edu.gh Twitter: Linked In: Brief Profile:Sam is a researcher, <a href=\"https:\/\/www.presbyuniversity.edu.gh\/site\/mr-samuel-nii-odoi-devine\/\" class=\"read-more\">Read More &#8230;<\/a><\/p>\n","protected":false},"author":1,"featured_media":0,"parent":0,"menu_order":0,"comment_status":"closed","ping_status":"closed","template":"","meta":{"sfsi_plus_gutenberg_text_before_share":"","sfsi_plus_gutenberg_show_text_before_share":"","sfsi_plus_gutenberg_icon_type":"","sfsi_plus_gutenberg_icon_alignemt":"","sfsi_plus_gutenburg_max_per_row":"","footnotes":""},"class_list":["post-4904","page","type-page","status-publish","hentry"],"aioseo_notices":[],"jetpack_sharing_enabled":true,"_links":{"self":[{"href":"https:\/\/www.presbyuniversity.edu.gh\/site\/wp-json\/wp\/v2\/pages\/4904","targetHints":{"allow":["GET"]}}],"collection":[{"href":"https:\/\/www.presbyuniversity.edu.gh\/site\/wp-json\/wp\/v2\/pages"}],"about":[{"href":"https:\/\/www.presbyuniversity.edu.gh\/site\/wp-json\/wp\/v2\/types\/page"}],"author":[{"embeddable":true,"href":"https:\/\/www.presbyuniversity.edu.gh\/site\/wp-json\/wp\/v2\/users\/1"}],"replies":[{"embeddable":true,"href":"https:\/\/www.presbyuniversity.edu.gh\/site\/wp-json\/wp\/v2\/comments?post=4904"}],"version-history":[{"count":5,"href":"https:\/\/www.presbyuniversity.edu.gh\/site\/wp-json\/wp\/v2\/pages\/4904\/revisions"}],"predecessor-version":[{"id":9951,"href":"https:\/\/www.presbyuniversity.edu.gh\/site\/wp-json\/wp\/v2\/pages\/4904\/revisions\/9951"}],"wp:attachment":[{"href":"https:\/\/www.presbyuniversity.edu.gh\/site\/wp-json\/wp\/v2\/media?parent=4904"}],"curies":[{"name":"wp","href":"https:\/\/api.w.org\/{rel}","templated":true}]}}