{"id":6186,"date":"2017-09-05T14:21:43","date_gmt":"2017-09-05T14:21:43","guid":{"rendered":"http:\/\/www.presbyuniversity.edu.gh\/site\/?page_id=6186"},"modified":"2021-06-23T14:18:55","modified_gmt":"2021-06-23T14:18:55","slug":"programmes-french","status":"publish","type":"page","link":"https:\/\/www.presbyuniversity.edu.gh\/site\/programmes-french\/","title":{"rendered":"Overview of Academic Programmes (French)"},"content":{"rendered":"<p style=\"text-align: center;\"><strong>INFORMATIONBR\u00c8VE SUR PRESBYTERIAN UNIVERSITY COLLEGE, GHANA.<\/strong><\/p>\n<p>Voulez-vous devenir un professionnel disciplin\u00e9, centr\u00e9 sur le Christ, hautement qualifi\u00e9 et form\u00e9 dans une ambiance propice et sereine? Alors, votre choix pr\u00e9f\u00e9r\u00e9 est&nbsp; the PresbyterianUniversityCollege, Ghana, o\u00f9 nous formons la t\u00eate, le c\u0153ur et les mains sur nos campus \u00e0 Okwahu-Abetifi, Akuapem-Akropong, AsanteAkyem-Agogo, Tema-C2, C11 et Kumasi-Santasi. PresbyterianUniversityCollege, Ghana, est une universit\u00e9 chr\u00e9tienne, accr\u00e9dit\u00e9e par National AccreditationBoard, Ghana et affili\u00e9e \u00e0 University of Ghana (UG), Kwame Nkrumah University Science and Technology et University of Cape Coast.<\/p>\n<p><strong>&nbsp;<\/strong><\/p>\n<p><strong>FACULT\u00c9 D\u2019\u00c9TUDES DE D\u00c9VELOPPEMENT<\/strong><\/p>\n<p><strong>Licence&nbsp;:\u00c9tudes de&nbsp; D\u00e9veloppement Rural et Communautaire (\u00c9tudes de d\u00e9veloppement)<\/strong><\/p>\n<p>Le programme est multidisciplinaire dans son orientation. Il s&#8217;int\u00e9resse aux Sciences Politiques, \u00e0 la Science Environnementale, \u00e0 l&#8217;\u00c9conomie, \u00e0 la Sociologie, \u00e0 la Religion et Culture, \u00e0 l&#8217;Agriculture et aux Relations Internationales afin d&#8217;\u00e9lucider une bonne compr\u00e9hension des probl\u00e8mes auxquels sont confront\u00e9s les pays et les soci\u00e9t\u00e9s pauvres dans leur qu\u00eate de d\u00e9veloppement.<\/p>\n<p>Le programme combine la th\u00e9orie avec la pratique, car les \u00e9tudiants sont attach\u00e9s aux agences de d\u00e9veloppement pendant les grandes vacances pour une exp\u00e9rience pratique pour les exposer aux r\u00e9alit\u00e9s des th\u00e9ories enseign\u00e9es.<\/p>\n<p>Les perspectives d&#8217;emploi suivantes, parmi d&#8217;autres, sont ouvertes aux dipl\u00f4m\u00e9s ayant des ant\u00e9c\u00e9dents en \u00c9tudes de D\u00e9veloppement: Consultants en D\u00e9veloppement; Carri\u00e8re dans les Institutions Locales et Internationales de D\u00e9veloppement et les ONG telles que Action Aid, Water Aid, Centre d&#8217;Analyse des Politiques, USAID, ACDI, PNUD, UNICEF, APD; Analystes de D\u00e9veloppement avec la Commission Nationale de Planification du D\u00e9veloppement; Agents de Planification du D\u00e9veloppement; \u00c9valuateurs de l&#8217;Impartition Sociale et Environnementale (analystes) et des Analystes des Politiques Sociales.<\/p>\n<p><strong>LICENCE&nbsp;: Gestion des Ressources Naturelles et \u00c9cologiques<\/strong><\/p>\n<p>Ce programme couvre \u00e0 la fois l&#8217;Environnement et la Gestion des Ressources Naturelles au lieu d&#8217;un seul d&#8217;entre eux, comme le cas dans de nombreuses autres Universit\u00e9s. Le programme vise \u00e0 approfondir la compr\u00e9hension du caract\u00e8re de l&#8217;environnement et de ses ressources naturelles inh\u00e9rentes en ce qui concerne les moyens de subsistance et la survie de l&#8217;homme. Il explore les fa\u00e7ons dont l&#8217;environnement et les ressources sont utilis\u00e9s et g\u00e9r\u00e9s dans le monde contemporain. Il combine la th\u00e9orie et la pratique en mettant l&#8217;accent sur les m\u00e9thodologies participatives ascendantes. Les connaissances acquises permettront aux dipl\u00f4m\u00e9s d&#8217;\u00e9laborer, de planifier et de g\u00e9rer les politiques. En raison des probl\u00e8mes environnementaux mondiaux qui pr\u00e9valent, les dipl\u00f4m\u00e9s ayant des comp\u00e9tences en gestion de l&#8217;environnement et des ressources naturelles seront en demande pendant des ann\u00e9es consid\u00e9rables.<\/p>\n<p>Les dipl\u00f4m\u00e9s dans ce domaine ont de meilleures chances de travailler avec de nombreuses organisations telles que l&#8217;Agence de Protection de l&#8217;Environnement, le Minist\u00e8re de l&#8217;Environnement et des Sciences, le Minist\u00e8re de l&#8217;Alimentation et de l&#8217;Agriculture, le Minist\u00e8re des For\u00eats, les Commissions de Terres, le Minist\u00e8re des Collectivit\u00e9s Locales et du D\u00e9veloppement Rural, la Commission des For\u00eats, Commissions des Min\u00e9raux, Assembl\u00e9es de Districts, Commission Nationale de Planification, Programme des Nations Unies pour le D\u00e9veloppement (PNUD), Programme des Nations Unies pour l&#8217;Environnement, Institutions de Recherche, ONG traitant des questions environnementales, Entreprises de Traitement et de Gestion des D\u00e9chets, Entreprises Mini\u00e8res et Commission des P\u00eaches.<\/p>\n<p><strong>\u00c9COLE DES ENTREPRISES ET DE L&#8217;\u00c9CONOMIE<\/strong><\/p>\n<p><strong>Licence d\u2019Administration des affaires<\/strong><\/p>\n<p>Le programme de Licence d&#8217;Administration des Affaires vise \u00e0 donner aux \u00e9tudiants une formation approfondie dans les principes fondamentaux de l&#8217;Administration des entreprises. Contrairement \u00e0 un programme similaire dans d&#8217;autres institutions, les contenus du cours sont dynamiques, \u00e9voluant au fur et \u00e0 mesure que les probl\u00e8mes commerciaux changent pour s&#8217;assurer que les dipl\u00f4m\u00e9s ont les comp\u00e9tences et la conscience n\u00e9cessaires pour r\u00e9ussir dans le monde des affaires en \u00e9volution.<\/p>\n<p>Le programme vise \u00e0 d\u00e9velopper une solide compr\u00e9hension des affaires et de la gestion, tout en d\u00e9veloppant les comp\u00e9tences intellectuelles et techniques cl\u00e9s qui permettront aux \u00e9tudiants de r\u00e9ussir dans n&#8217;importe quel environnement commercial. Le programme est \u00e9galement con\u00e7u pour permettre aux \u00e9tudiants de se sp\u00e9cialiser dans l&#8217;importe quel des domaines suivants: Comptabilit\u00e9 et Finance, Banque et Finances, Gestion des Ressources Humaines, Marketing et Gestion G\u00e9n\u00e9rale.<\/p>\n<p>Autre aspect distinctif du Programme d&#8217;Administration des Entreprises de PUCG: le d\u00e9veloppement du leadership et la formation de mentorat pour les \u00e9tudiants, des liens solides avec les organismes professionnels internationaux et locaux et les opportunit\u00e9s pour les \u00e9tudiants de se lancer dans des recherches ind\u00e9pendantes. Les dipl\u00f4m\u00e9s travaillent comme Chefs d&#8217;Entreprise, Gestionnaires d&#8217;Op\u00e9rations, Gestionnaires de Programme \/ Dirigeants, Administrateurs, Gestionnaires de Comptes et plusieurs autres postes de Direction et administratifs. Ils sont \u00e9galement form\u00e9s pour devenir des entrepreneurs.<\/p>\n<p><strong>Licence&nbsp;: Commerce Economie<\/strong><\/p>\n<p>Ce programme sp\u00e9cial, un de son genre en Afrique Occidentale, est con\u00e7u pour fournir aux \u00e9tudiants des bases solides en \u00e9conomie et en affaires et apr\u00e8s l&#8217;obtention du dipl\u00f4me, ils peuvent facilement fournir des comp\u00e9tences sp\u00e9cialis\u00e9es au niveau de la gestion interm\u00e9diaire des Entreprises et d&#8217;autres organisations.<\/p>\n<p>Il associe des concepts \/ th\u00e9ories traditionnels en Micro et Macro \u00c9conomie aux entreprises, ceci permet aux \u00e9tudiants d&#8217;appliquer les diverses th\u00e9ories \u00e9conomiques pour r\u00e9soudre les probl\u00e8mes d&#8217;affaires modernes.<\/p>\n<p>Le programme permet aux \u00e9tudiants d&#8217;acqu\u00e9rir des connaissances approfondies en \u00c9conomie, Comptabilit\u00e9, Finance et Entrepreneuriat essentiels au monde des affaires et de l&#8217;industrie. \u00c9vidence, un dipl\u00f4m\u00e9 de tel contexte aussi riche est pr\u00e9f\u00e9r\u00e9 \u00e0 celui qui a connaissance dans un seul des deux domaines de programme. Le programme pr\u00e9pare les dipl\u00f4m\u00e9s \u00e0 l&#8217;emploi dans les domaines suivants: Gestion de Projet, Gestion des Risques dans les Soci\u00e9t\u00e9s Financi\u00e8res et d&#8217;Assurance, Analystes Financiers, \u00c9conomiques et Budg\u00e9taires, Planificateurs \u00c9conomiques, Consultant en Affaires Internationales, etc.<\/p>\n<p><strong>Licence En Commerce Agricole<\/strong><\/p>\n<p>Les concepts de l&#8217;agro-industrie impliquent des interactions entre trois parties du syst\u00e8me dans le secteur des intrants agricoles, le secteur de la production et le secteur de la transformation-fabrication. L&#8217;agro-industrie vise \u00e0 ajouter de la valeur \u00e0 l&#8217;agriculture (production v\u00e9g\u00e9tale, production animale, agro-transformation et processus de commercialisation et de gestion).<\/p>\n<p>L&#8217;agro-industrie en tant que programme associe donc des \u00e9l\u00e9ments et des concepts de la science agricole, de l&#8217;\u00e9conomie manag\u00e9riale et de l&#8217;administration des entreprises afin de fournir aux \u00e9tudiants les comp\u00e9tences requises dans le traitement des probl\u00e8mes li\u00e9s \u00e0 la prise de d\u00e9cision dans l&#8217;industrie agroalimentaire moderne et dans ses secteurs connexes.<\/p>\n<p>Les offres d&#8217;emploi abondent dans les domaines suivants pour les dipl\u00f4m\u00e9s de l&#8217;agroalimentaire: les industries agroalimentaires, les agences d&#8217;exportation et d&#8217;importation agricoles, le minist\u00e8re de l&#8217;Alimentation et de l&#8217;Agriculture et les minist\u00e8res alli\u00e9s, les instituts de recherche agricole, les organisations non gouvernementales impliqu\u00e9es dans l&#8217;agriculture, les organisations internationales, par exemple Organisation des Nations Unies pour l&#8217;alimentation et l&#8217;agriculture, Banques et instituts financiers agroalimentaires, Contr\u00f4leur de qualit\u00e9 des produits agroalimentaires. Ils peuvent \u00e9galement travailler \u00e0 leur compte.<\/p>\n<p><strong>FACULT\u00c9 DE LA SCIENCE ET DE LA TECHNOLOGIE<\/strong><\/p>\n<p><strong>Licence&nbsp;: Technologies de l&#8217;informatique et de la communication<\/strong><\/p>\n<p>Le programme est un dipl\u00f4me composite qui combine l&#8217;informatique avec les technologies de l&#8217;information. Contrairement \u00e0 beaucoup de programmes similaires dans d&#8217;autres institutions, l&#8217;accent est mis sur le mat\u00e9riel.<\/p>\n<p>Il fournit une \u00e9ducation \u00e0 grande \u00e9chelle dans les technologies de l&#8217;information et de la communication qui produira des dipl\u00f4m\u00e9s \u00e9quip\u00e9s pour appliquer les meilleures pratiques dans l&#8217;application des syst\u00e8mes informatiques et d&#8217;information dans toutes les organisations o\u00f9 le personnel poss\u00e9dant des comp\u00e9tences pour d\u00e9ployer, soutenir et utiliser l&#8217;information et les technologies de la communication sont n\u00e9cessaires.<\/p>\n<p>Les dipl\u00f4m\u00e9s de ce dipl\u00f4me ont des chances plus brillantes de devenir des analystes de programme, des responsables de l&#8217;information, des professionnels du r\u00e9seau informatique, des administrateurs de bases de donn\u00e9es et de syst\u00e8mes, des analystes des entreprises et des syst\u00e8mes de TIC, des gestionnaires de TIC, des professionnels de la vente des TIC, des techniciens de soutien aux TIC, des techniciens de soutien et de test ICT, formateurs de TIC , Sp\u00e9cialistes du multim\u00e9dia et d\u00e9veloppeurs Web, programmeurs de logiciel et d&#8217;applications, administrateurs de syst\u00e8mes, analyses de bases de donn\u00e9es et gestionnaires de marketing Web.<\/p>\n<p><strong>Licence&nbsp;: Math\u00e9matiques<\/strong><\/p>\n<p>Le programme est con\u00e7u pour \u00e9viter d&#8217;\u00e9tudier les \u00abmath\u00e9matiques brutes\u00bb. \u00c0 la lumi\u00e8re de cela, le programme offre la flexibilit\u00e9 de combiner les math\u00e9matiques avec d&#8217;autres programmes tels que les TIC, les statistiques et l&#8217;administration des entreprises.<\/p>\n<p>Le programme pr\u00e9pare les dipl\u00f4m\u00e9s \u00e0 l&#8217;emploi dans les domaines suivants: comptabilit\u00e9, automobile, services de soutien aux entreprises, services financiers, soins de sant\u00e9, assurances, informatique et informatique, m\u00e9dias, institutions de recherche, soci\u00e9t\u00e9s de t\u00e9l\u00e9communications et d&#8217;utilit\u00e9 publique.<\/p>\n<p><strong>FACULT\u00c9 DES SCIENCES ET DES FILIERES M\u00c9DICALES<\/strong><\/p>\n<p><strong>Licence&nbsp;: Profession Des M\u00e9decins<\/strong><\/p>\n<p>Ce programme comprend des \u00e9tudes sur la chirurgie de base, l&#8217;examen physique, la p\u00e9diatrie, l&#8217;obst\u00e9trique et la gyn\u00e9cologie, la pharmacologie, la m\u00e9decine traditionnelle et la sant\u00e9 publique. La formation clinique \/ pratique est une composante majeure du programme; une attention \u00e9gale est accord\u00e9e \u00e0 la th\u00e9orie et au travail pratique.<\/p>\n<p>Ceci rend le Programme d&#8217;assistant m\u00e9decal unique parmi les programmes similaires dans d&#8217;autres institutions. Le programme pr\u00e9pare \u00e9galement les \u00e9tudiants \u00e0 des examens de licences.<\/p>\n<p>Les dipl\u00f4m\u00e9s sont employ\u00e9s comme assistants m\u00e9dicaux dans les h\u00f4pitaux, les cliniques ou les centres de sant\u00e9 et en tant que tuteurs dans les \u00e9tablissements de formation en sant\u00e9. Les dipl\u00f4m\u00e9s ont \u00e9galement la possibilit\u00e9 de poursuivre leurs \u00e9tudes en sciences m\u00e9dicales.<\/p>\n<p><strong>Licence&nbsp;: Profession D\u2019Infirmi\u00e8res<\/strong><\/p>\n<p>Ce programme comprend des \u00e9tudes en soins infirmiers m\u00e9dicaux, en soins infirmiers chirurgicaux, en soins infirmiers en psychiatrie, en soins infirmiers en sant\u00e9 publique \/ communautaire, en obst\u00e9trique et en gyn\u00e9cologie, en pharmacologie, en m\u00e9decine traditionnelle, en administration des soins infirmiers et en syst\u00e8mes d&#8217;information sur la gestion de la sant\u00e9.<\/p>\n<p>Une attention particuli\u00e8re est accord\u00e9e \u00e0 la formation pratique de ce programme. Les \u00e9tudiants sont \u00e9galement pr\u00e9par\u00e9s pour les examens de licences. Les produits de ce programme sont form\u00e9s \u00e0 des professionnels et sont d\u00e9vou\u00e9s au travail.<\/p>\n<p>Les possibilit\u00e9s d&#8217;emploi offertes aux dipl\u00f4m\u00e9s de ce programme comprennent le fonctionnement des infirmi\u00e8res dans les h\u00f4pitaux, les cliniques ou les centres de sant\u00e9 et les tuteurs dans les \u00e9tablissements de formation en sant\u00e9. Il existe d&#8217;autres possibilit\u00e9s qui incluent d&#8217;autres \u00e9tudes.<\/p>\n<p><strong>FACULTE DES SCIENCES DE L\u2019EDUCATION<\/strong><\/p>\n<p><strong>Licence&nbsp;: Des Sciences Sociales<\/strong><\/p>\n<p>Ce programme est de nature multidisciplinaire et \u00e9labore des disciplines telles que l\u2019Economie, la Sociologie, la G\u00e9ographie, la Planification, l\u2019Education et l\u2019Administration. Il est con\u00e7u pour \u00e9quiper l\u2019\u00e9l\u00e8ve-enseignant avec des techniques de r\u00e9flexion et de r\u00e9flexion critique qui leur permettent de discuter intelligemment des probl\u00e8mes et des probl\u00e8mes rencontres dans l\u2019environnement.<\/p>\n<p>Il pr\u00e9pare l\u2019\u00e9l\u00e8ve-enseignant \u00e0 enseigner dans les \u00e9tablissements base et second cycle. Il se pr\u00e9pare \u00e9galement \u00e0 participer efficacement aux activit\u00e9s \u00e9conomiques, civiques et politiques de la soci\u00e9t\u00e9. Les dipl\u00f4m\u00e9s peuvent \u00eatre employ\u00e9s comme Enseignants, Consultants en D\u00e9veloppement, Analystes en D\u00e9veloppement aupr\u00e8s de la Commission Nationale de Planification du d\u00e9veloppement, Agent de Planification du D\u00e9veloppement, Analystes Environnementaux et Chercheurs dans les Organismes de Recherche.<\/p>\n<p><strong>Licence&nbsp;:Etudes deCommerce<\/strong><\/p>\n<p>Ce programme est con\u00e7u pour fournir aux \u00e9tudiants une base solide dans l&#8217;\u00e9ducation, les affaires et l&#8217;\u00e9conomie et \u00e9quiper nos \u00e9tudiants d&#8217;\u00eatre polyvalent dans l&#8217;acquisition de comp\u00e9tences qui positionne les \u00e9tudiants au niveau de la gestion interm\u00e9diaire des \u00e9tablissements d&#8217;enseignement, des entreprises et d&#8217;autres organisations.<\/p>\n<p>Il pr\u00e9pare \u00e9galement les \u00e9tudiants-enseignants \u00e0 enseigner dans les \u00e9tablissements de base et de deuxi\u00e8me cycle. Le programme couvre des cours tels que l&#8217;\u00e9thique de l&#8217;entreprise, la gouvernance d&#8217;entreprise, la gestion strat\u00e9gique, les relations industrielles et professionnelles, les finances publiques, les finances internationales, l&#8217;\u00e9conomie mon\u00e9taire, la croissance \u00e9conomique et le d\u00e9veloppement, l&#8217;\u00e9conom\u00e9trie, le d\u00e9veloppement de l&#8217;\u00e9ducation au Ghana, l&#8217;organisation et l&#8217;administration scolaires, la comptabilit\u00e9 de gestion, Gestion financi\u00e8re, Rapports financiers avanc\u00e9s, Audit, Macro\u00e9conomie interm\u00e9diaire, Droit des soci\u00e9t\u00e9s, Fiscalit\u00e9, Gestion de bureau, Gestion des ressources humaines, Affaires<\/p>\n<p>Droit, comptabilit\u00e9 analytique, principes et m\u00e9thodes d&#8217;enseignement, \u00e9valuation de l&#8217;enseignement et de l&#8217;apprentissage, gestion des syst\u00e8mes d&#8217;information, entre autres. Ils sont pr\u00eats \u00e0 participer efficacement aux activit\u00e9s commerciales, \u00e9conomiques, civiques et politiques dans la soci\u00e9t\u00e9. Les perspectives d&#8217;emploi des dipl\u00f4m\u00e9s varient d&#8217;enseignants, d&#8217;analystes \u00e9conomiques, de planificateurs de d\u00e9veloppement, d&#8217;analystes des politiques commerciales, de gestionnaires g\u00e9n\u00e9raux et de chercheurs avec des \u00e9tablissements de recherche.<\/p>\n<p><strong>MAITRISE EN \u00c9TUDES P\u00c9DAGOGIQUES<\/strong><\/p>\n<p>Le programme est multidisciplinaire dans son orientation. Il vise \u00e0 d\u00e9velopper des enseignants dipl\u00f4m\u00e9s avec<\/p>\n<p>Comp\u00e9tences de leadership professionnels et transformatrices dans l&#8217;enseignement au niveau pr\u00e9-universitaire et m\u00e8ne \u00e9galement une Recherche de qualit\u00e9. Le Masters d&#8217;\u00c9tudes P\u00e9dagogiques est un programme d&#8217;un an (affili\u00e9 \u00e0<\/p>\n<p>UCC et accr\u00e9dit\u00e9 par NAB) et implique des \u00e9tudes sur les principes et les m\u00e9thodes d&#8217;enseignement, M\u00e9thodes de Recherche, D&#8217;orientation et de conseil dans les \u00c9coles, les Technologies \u00c9ducatives de Pointe et \u00c9mergentes, R\u00e9forme et Efficacit\u00e9 d&#8217;\u00c9cole, D\u00e9veloppement et Gestion de l&#8217;\u00c9ducation au Ghana, Enseignement et Apprentissage \u00c0 travers le Curriculum (Divers Sujets, Mesure et \u00c9valuation P\u00e9dagogique (Elective), Leadership P\u00e9dagogique et Politique (Elective) et Administration de la Technologie dans l&#8217;\u00c9ducation et la Formation (\u00c9lective).<\/p>\n<p>Les perspectives d&#8217;emploi, entre autres, sont ouvertes aux dipl\u00f4m\u00e9s ayant leurs origines en Masters d&#8217;\u00c9tudes P\u00e9dagogiques: Professeur professionnel \u00e0 la fois aux niveaux de base et secondaire sup\u00e9rieur; Carri\u00e8re \u00e0 la fois locale et Institutions Internationales de D\u00e9veloppement et ONG telles que Aide aux Actions, Aide \u00e0 l&#8217;Eau, Centre Analyse de politique, USAID, ACDI, UNESCO; Chercheur dans les \u00c9tablissements de Recherche et le Travail Autonome.<\/p>\n<p><strong>EXIGENCE D&#8217;ADMISSION<\/strong><\/p>\n<p>Les candidats doivent poss\u00e9der une Licence obtenue d&#8217;une universit\u00e9 reconnue (Le Masters d&#8217;\u00c9tudes P\u00e9dagogiques).<\/p>\n<p><strong>Rabais aux presbyt\u00e9riens \/enfants<\/strong><\/p>\n<ul>\n<li>Un remboursement de frais de scolarit\u00e9 de cinq pour cent (5%) pour chaque \u00e9tudiant presbyt\u00e9rien qui s&#8217;inscrit \u00e0 l&#8217;Universit\u00e9 pendant l&#8217;ann\u00e9e scolaire 2017\/2018.<\/li>\n<li>Lorsqu&#8217;un presbyt\u00e9rien postule par un presbyt\u00e8re, 20 \u00e9tudiants ou plus s&#8217;inscrivant \u00e0 l&#8217;Universit\u00e9 de ce presbyt\u00e8re pendant l&#8217;ann\u00e9e acad\u00e9mique 2017\/2018, chaque \u00e9tudiant au sein de ce groupe recevra un rabais de frais de scolarit\u00e9 de dix pour cent (10%).<\/li>\n<li>Un \u00e9tudiant qui re\u00e7oit un remboursement continuera \u00e0 profiter de cette installation pendant toute la dur\u00e9e de ses \u00e9tudes apr\u00e8s une ex\u00e9cution satisfaisante des conditions de postulation annuelle.<\/li>\n<li>Encore une fois, si un \u00e9tudiant est en mesure de payer tous les frais d&#8217;\u00e9tudes au d\u00e9but de l&#8217;ann\u00e9e scolaire, cet \u00e9tudiant b\u00e9n\u00e9ficiera d&#8217;un rabais suppl\u00e9mentaire de 5% sur les frais de cette ann\u00e9e acad\u00e9mique.<\/li>\n<\/ul>\n<p><strong>Preuve de notre Haut Niveau Acad\u00e9mique<\/strong><\/p>\n<ul>\n<li>Dans l&#8217;Edition 2016 du Classement Mondial des Universit\u00e9s en Webom\u00e9tries, PUCG est class\u00e9e troisi\u00e8me Meilleure Universit\u00e9 Priv\u00e9e et 7\u00e8me Meilleure Universit\u00e9 au Ghana sur la base de l&#8217;Ouverture, de l&#8217;Impact, de l&#8217;Excellence et de la Pr\u00e9sence.<\/li>\n<li>En 2015, PUCG a remport\u00e9 le premier Concours de D\u00e9bats Universitaires inter-Priv\u00e9s<\/li>\n<li>En 2015, PUCG a remport\u00e9 le D\u00e9bat sur l&#8217;ulc\u00e8re de Buruli, organis\u00e9 par le Conseil des Infirmi\u00e8res et Obst\u00e9triciens du Ghana pour toutes les Institutions de Formation en Sciences Infirmi\u00e8res au Ghana<\/li>\n<li>En 2015, le D\u00e9partement des Soins Infirmiers avait un score de pourcentage de 96,6% dans l&#8217;Examen de Licence organis\u00e9 par le Conseil des Infirmi\u00e8res et Obst\u00e9triciens du Ghana<\/li>\n<li>En 2015, le D\u00e9partement de l&#8217;Assistance M\u00e9dicale avait \u00e9galement un pourcentage de 100% dans le cadre de l&#8217;Examen de Licence.<\/li>\n<li>En 2015, Mme Sandra EnohorAkpobome, \u00e9tudiante du D\u00e9partement des soins infirmiers, est apparue comme la meilleure candidate globale avec 6 distinctions dans les examens de d\u00e9livrance de permis de d\u00e9livrance de soins infirmiers g\u00e9n\u00e9raux (\u00e9crits) men\u00e9s par le Nursing and Midwifery Council, Ghana, en ao\u00fbt 2015.<\/li>\n<\/ul>\n<p>Nous sommes encore la longue tradition du syst\u00e8me \u00e9ducatif presbyt\u00e9rien qui forme des&nbsp; d\u00e9vou\u00e9s futurs leaders.<\/p>\n<p>SECRETAIRE GENERAL<\/p>\n","protected":false},"excerpt":{"rendered":"<p>INFORMATIONBR\u00c8VE SUR PRESBYTERIAN UNIVERSITY COLLEGE, GHANA. Voulez-vous devenir un professionnel disciplin\u00e9, centr\u00e9 sur le Christ, hautement qualifi\u00e9 et form\u00e9 dans une ambiance propice et sereine? Alors, votre choix pr\u00e9f\u00e9r\u00e9 est&nbsp; the PresbyterianUniversityCollege, Ghana, o\u00f9 nous formons la t\u00eate, le c\u0153ur <a href=\"https:\/\/www.presbyuniversity.edu.gh\/site\/programmes-french\/\" class=\"read-more\">Read More &#8230;<\/a><\/p>\n","protected":false},"author":5,"featured_media":0,"parent":0,"menu_order":0,"comment_status":"closed","ping_status":"closed","template":"","meta":{"sfsi_plus_gutenberg_text_before_share":"","sfsi_plus_gutenberg_show_text_before_share":"","sfsi_plus_gutenberg_icon_type":"","sfsi_plus_gutenberg_icon_alignemt":"","sfsi_plus_gutenburg_max_per_row":"","footnotes":""},"class_list":["post-6186","page","type-page","status-publish","hentry"],"aioseo_notices":[],"jetpack_sharing_enabled":true,"_links":{"self":[{"href":"https:\/\/www.presbyuniversity.edu.gh\/site\/wp-json\/wp\/v2\/pages\/6186","targetHints":{"allow":["GET"]}}],"collection":[{"href":"https:\/\/www.presbyuniversity.edu.gh\/site\/wp-json\/wp\/v2\/pages"}],"about":[{"href":"https:\/\/www.presbyuniversity.edu.gh\/site\/wp-json\/wp\/v2\/types\/page"}],"author":[{"embeddable":true,"href":"https:\/\/www.presbyuniversity.edu.gh\/site\/wp-json\/wp\/v2\/users\/5"}],"replies":[{"embeddable":true,"href":"https:\/\/www.presbyuniversity.edu.gh\/site\/wp-json\/wp\/v2\/comments?post=6186"}],"version-history":[{"count":4,"href":"https:\/\/www.presbyuniversity.edu.gh\/site\/wp-json\/wp\/v2\/pages\/6186\/revisions"}],"predecessor-version":[{"id":8275,"href":"https:\/\/www.presbyuniversity.edu.gh\/site\/wp-json\/wp\/v2\/pages\/6186\/revisions\/8275"}],"wp:attachment":[{"href":"https:\/\/www.presbyuniversity.edu.gh\/site\/wp-json\/wp\/v2\/media?parent=6186"}],"curies":[{"name":"wp","href":"https:\/\/api.w.org\/{rel}","templated":true}]}}